{"id":843,"date":"2024-01-30T10:48:27","date_gmt":"2024-01-30T10:48:27","guid":{"rendered":"http:\/\/www.tarumba.com\/?page_id=843"},"modified":"2025-07-07T15:41:42","modified_gmt":"2025-07-07T15:41:42","slug":"escola-de-teatre-tarumba-jove","status":"publish","type":"page","link":"https:\/\/www.tarumba.com\/?page_id=843","title":{"rendered":"Escola de Teatre &#8220;Tarumba Jove&#8221;"},"content":{"rendered":"<span data-mce-type=\"bookmark\" style=\"display: inline-block; width: 0px; overflow: hidden; line-height: 0;\" class=\"mce_SELRES_start\">\ufeff<\/span><span data-mce-type=\"bookmark\" style=\"display: inline-block; width: 0px; overflow: hidden; line-height: 0;\" class=\"mce_SELRES_start\">\ufeff<\/span><span data-mce-type=\"bookmark\" style=\"display: inline-block; width: 0px; overflow: hidden; line-height: 0;\" class=\"mce_SELRES_start\">\ufeff<\/span>\r\n<p>La Escola de Teatre Tarumba Jove nace en octubre de 2016 dentro de la Asociaci\u00f3n Cultural La Tarumba, que tambi\u00e9n acoge en su seno a los grupos Suc de Teatre y Volem Teatre. Desde el principio, la Concejal\u00eda de Educaci\u00f3n del Ayuntamiento de Alzira patrocina y promociona la Escola. <\/p>\r\n\r\n\r\n\r\n<p>Este centro de formaci\u00f3n actoral y  producci\u00f3n teatral recoge la ampl\u00edsima experiencia de la labor desarrollada por su<br> director, Jos\u00e9 Antonio Mart\u00ednez, en el IES REI EN JAUME durante m\u00e1s de 30 a\u00f1os, cuyo grupo represent\u00f3 durante todo este tiempo sus espect\u00e1culos, a los que acud\u00edan cada curso escolares de Alzira y comarca, y visit\u00f3 dos veces el festival de Mingorr\u00eda en \u00c1vila, donde gan\u00f3 ambas.<\/p>\r\n\r\n\r\n\r\n<p>La Escola tiene regularmente dos grupos, uno de Iniciaci\u00f3n y otro de Profundizaci\u00f3n, excepto en el curso 2020-2021, que sum\u00f3 un curso m\u00e1s para dar respuesta a las exigencias de la pandemia, de manera que ning\u00fan grupo tuviera m\u00e1s de 15 alumnos.<\/p>\r\n\r\n\r\n\r\n<h4 class=\"wp-block-heading\"><em><a href=\"http:\/\/www.tarumba.com\/wp-content\/uploads\/2024\/07\/HISTORIAL-DE-LA-ESCOLA-DE-TEATRE-TARUMBA-JOVE.pdf\">Historial de la Escola de Teatre Tarumba Jove<\/a><\/em><\/h4>\r\n\r\n\r\n\r\n<h2 class=\"wp-block-heading\"><strong>Nuevos Cursos de Teatro 2025-26 en La Escola de Teatro La Tarumba<\/strong><\/h2>\r\n\r\n\r\n\r\n<h3 class=\"wp-block-heading\"><strong>Pr\u00f3xima matr\u00edcula en septiembre<\/strong><\/h2>\r\n\r\n\r\n\r\n<p>\u00bfEst\u00e1s buscando una actividad extracurricular que combine diversi\u00f3n y aprendizaje del mundo del teatro? \u00a1La Escola de Teatro La Tarumba tiene justo lo que necesitas! Nuestros cursos de teatro, con a\u00f1os de experiencia y \u00e9xito a sus espaldas, est\u00e1n de vuelta para ofrecerte una experiencia \u00fanica.<\/p>\r\n\r\n\r\n\r\n<p>A lo largo de los a\u00f1os, nuestros cursos han ayudado a muchas personas a descubrir su pasi\u00f3n por el teatro y a desarrollar sus habilidades esc\u00e9nicas en un ambiente seguro y creativo. Este a\u00f1o, seguimos con nuestra oferta de dos cursos, pensados para distintos niveles de experiencia:<\/p>\r\n\r\n\r\n\r\n<ol class=\"wp-block-list\"><li><strong>Curso de Iniciaci\u00f3n al Teatro<\/strong>: Ideal para quienes quieren adentrarse en el mundo del teatro por primera vez. Con una metodolog\u00eda pr\u00e1ctica y amena, aprender\u00e1s las bases del teatro, desde t\u00e9cnicas de actuaci\u00f3n hasta ejercicios de improvisaci\u00f3n y trabajo en equipo. Este curso se imparte todos los a\u00f1os con gran \u00e9xito entre aquellos que desean probar por primera vez la magia del escenario.<br>\ud83d\udcc5&nbsp;<strong>Horario<\/strong>: por determinar.<\/li><li><strong>Curso de Profundizaci\u00f3n en Teatro<\/strong>: Pensado para quienes ya tienen una base teatral y desean seguir mejorando sus habilidades. Este curso profundiza en t\u00e9cnicas m\u00e1s avanzadas, exploraci\u00f3n de personajes y puesta en escena, ofreciendo un enfoque m\u00e1s detallado y retador. Muchos de nuestros participantes han vuelto a\u00f1o tras a\u00f1o para seguir creciendo en su pasi\u00f3n por el teatro.<br>\ud83d\udcc5&nbsp;<strong>Horario<\/strong>: por determinar.<\/li><\/ol>\r\n\r\n\r\n\r\n<p>Estos cursos no solo son una oportunidad para aprender, sino tambi\u00e9n para formar parte de una comunidad vibrante que comparte el amor por el teatro. \u00a1La Escola de Teatro La Tarumba te abre las puertas para que seas parte de nuestra familia teatral!<\/p>\r\n\r\n\r\n\r\n\r\n\r\n<h4 class=\"wp-block-heading\"><strong>Si est\u00e1s interesado\/a en alguno de nuestros cursos, env\u00eda un correo a&nbsp;<strong><a>joseantonio@tarumba.com<\/a><\/strong>.<\/p>\r\n\r\n\r\n\r\n<p>\ud83d\udcc6&nbsp;<strong>Pr\u00f3xima matr\u00edcula en septiembre.<\/strong><br>\u270f\ufe0f&nbsp;<strong>No olvides incluir tu nombre y edad.<\/strong><\/p>\r\n\r\n\r\n\r\n<p>\u00a1Te esperamos para vivir juntos otra temporada llena de emociones, aprendizaje y, sobre todo, mucho teatro!<\/p>\r\n<span data-mce-type=\"bookmark\" style=\"display: inline-block; width: 0px; overflow: hidden; line-height: 0;\" class=\"mce_SELRES_start\">\ufeff<\/span><span data-mce-type=\"bookmark\" style=\"display: inline-block; width: 0px; overflow: hidden; line-height: 0;\" class=\"mce_SELRES_start\">\ufeff<\/span><span data-mce-type=\"bookmark\" style=\"display: inline-block; width: 0px; overflow: hidden; line-height: 0;\" class=\"mce_SELRES_start\">\ufeff<\/span>","protected":false},"excerpt":{"rendered":"<p>\ufeff\ufeff\ufeff La Escola de Teatre Tarumba Jove nace en octubre de 2016 dentro de la Asociaci\u00f3n Cultural La Tarumba, que tambi\u00e9n acoge en su seno a los grupos Suc de <a class=\"more-link\" href=\"https:\/\/www.tarumba.com\/?page_id=843\">Seguir leyendo &rarr;<\/a><\/p>\n","protected":false},"author":4,"featured_media":0,"parent":0,"menu_order":0,"comment_status":"closed","ping_status":"closed","template":"","meta":{"footnotes":""},"class_list":["post-843","page","type-page","status-publish","hentry"],"_links":{"self":[{"href":"https:\/\/www.tarumba.com\/index.php?rest_route=\/wp\/v2\/pages\/843","targetHints":{"allow":["GET"]}}],"collection":[{"href":"https:\/\/www.tarumba.com\/index.php?rest_route=\/wp\/v2\/pages"}],"about":[{"href":"https:\/\/www.tarumba.com\/index.php?rest_route=\/wp\/v2\/types\/page"}],"author":[{"embeddable":true,"href":"https:\/\/www.tarumba.com\/index.php?rest_route=\/wp\/v2\/users\/4"}],"replies":[{"embeddable":true,"href":"https:\/\/www.tarumba.com\/index.php?rest_route=%2Fwp%2Fv2%2Fcomments&post=843"}],"version-history":[{"count":15,"href":"https:\/\/www.tarumba.com\/index.php?rest_route=\/wp\/v2\/pages\/843\/revisions"}],"predecessor-version":[{"id":1124,"href":"https:\/\/www.tarumba.com\/index.php?rest_route=\/wp\/v2\/pages\/843\/revisions\/1124"}],"wp:attachment":[{"href":"https:\/\/www.tarumba.com\/index.php?rest_route=%2Fwp%2Fv2%2Fmedia&parent=843"}],"curies":[{"name":"wp","href":"https:\/\/api.w.org\/{rel}","templated":true}]}}