{"id":78,"date":"2013-03-04T20:15:47","date_gmt":"2013-03-04T20:15:47","guid":{"rendered":"http:\/\/zxcv.es\/tarumba\/?page_id=78"},"modified":"2022-01-17T16:47:34","modified_gmt":"2022-01-17T16:47:34","slug":"contacto","status":"publish","type":"page","link":"https:\/\/www.tarumba.com\/?page_id=78","title":{"rendered":"Contacto"},"content":{"rendered":"<p style=\"text-align: center;\"><strong>Asociaci\u00f3n Cultural La Tarumba<\/strong><\/p>\n<p style=\"text-align: center;\"><em>C\/ Jes\u00fas \u00c1lvarez, 59 &#8211; 46600 Alzira (Valencia)<\/em><\/p>\n<p style=\"text-align: center;\"><em>Apartado de correros 155<\/em><\/p>\n<p style=\"text-align: center;\">tarumbateatre@hotmail.com<\/p>\n<p style=\"text-align: center;\"><strong><em>Jos\u00e9 Antonio Mart\u00ednez:<\/em><\/strong> joseantonio@tarumba.com<\/p>\n<p style=\"text-align: center;\"><a href=\"https:\/\/www.facebook.com\/latarumba.teatre\">https:\/\/www.facebook.com\/latarumba.teatre<\/a><a href=\"https:\/\/www.facebook.com\/latarumba.teatre\"><img loading=\"lazy\" decoding=\"async\" class=\"  wp-image-466 aligncenter\" src=\"http:\/\/www.tarumba.com\/wp-content\/uploads\/2013\/03\/fb_icon_325x325-300x300.png\" alt=\"fb_icon_325x325\" width=\"42\" height=\"42\" srcset=\"https:\/\/www.tarumba.com\/wp-content\/uploads\/2013\/03\/fb_icon_325x325-300x300.png 300w, https:\/\/www.tarumba.com\/wp-content\/uploads\/2013\/03\/fb_icon_325x325-150x150.png 150w, https:\/\/www.tarumba.com\/wp-content\/uploads\/2013\/03\/fb_icon_325x325.png 325w\" sizes=\"auto, (max-width: 42px) 100vw, 42px\" \/><\/a><\/p>\n","protected":false},"excerpt":{"rendered":"<p>Asociaci\u00f3n Cultural La Tarumba C\/ Jes\u00fas \u00c1lvarez, 59 &#8211; 46600 Alzira (Valencia) Apartado de correros 155 tarumbateatre@hotmail.com Jos\u00e9 Antonio Mart\u00ednez: joseantonio@tarumba.com https:\/\/www.facebook.com\/latarumba.teatre<\/p>\n","protected":false},"author":1,"featured_media":0,"parent":0,"menu_order":0,"comment_status":"closed","ping_status":"closed","template":"sidebar-page.php","meta":{"footnotes":""},"class_list":["post-78","page","type-page","status-publish","hentry"],"_links":{"self":[{"href":"https:\/\/www.tarumba.com\/index.php?rest_route=\/wp\/v2\/pages\/78","targetHints":{"allow":["GET"]}}],"collection":[{"href":"https:\/\/www.tarumba.com\/index.php?rest_route=\/wp\/v2\/pages"}],"about":[{"href":"https:\/\/www.tarumba.com\/index.php?rest_route=\/wp\/v2\/types\/page"}],"author":[{"embeddable":true,"href":"https:\/\/www.tarumba.com\/index.php?rest_route=\/wp\/v2\/users\/1"}],"replies":[{"embeddable":true,"href":"https:\/\/www.tarumba.com\/index.php?rest_route=%2Fwp%2Fv2%2Fcomments&post=78"}],"version-history":[{"count":8,"href":"https:\/\/www.tarumba.com\/index.php?rest_route=\/wp\/v2\/pages\/78\/revisions"}],"predecessor-version":[{"id":546,"href":"https:\/\/www.tarumba.com\/index.php?rest_route=\/wp\/v2\/pages\/78\/revisions\/546"}],"wp:attachment":[{"href":"https:\/\/www.tarumba.com\/index.php?rest_route=%2Fwp%2Fv2%2Fmedia&parent=78"}],"curies":[{"name":"wp","href":"https:\/\/api.w.org\/{rel}","templated":true}]}}