{"id":728,"date":"2024-01-19T11:53:46","date_gmt":"2024-01-19T11:53:46","guid":{"rendered":"http:\/\/www.tarumba.com\/?page_id=728"},"modified":"2024-01-30T10:17:50","modified_gmt":"2024-01-30T10:17:50","slug":"serendipia","status":"publish","type":"page","link":"https:\/\/www.tarumba.com\/?page_id=728","title":{"rendered":"SERENDIPIA"},"content":{"rendered":"<p><a href=\"http:\/\/www.tarumba.com\/wp-content\/uploads\/2013\/03\/Serendipia-P\u00f3ster-Defintivo.jpg\"><img loading=\"lazy\" decoding=\"async\" class=\"size-medium wp-image-533 aligncenter\" src=\"http:\/\/www.tarumba.com\/wp-content\/uploads\/2013\/03\/Serendipia-P\u00f3ster-Defintivo-214x300.jpg\" alt=\"\" width=\"214\" height=\"300\" srcset=\"https:\/\/www.tarumba.com\/wp-content\/uploads\/2013\/03\/Serendipia-P\u00f3ster-Defintivo-214x300.jpg 214w, https:\/\/www.tarumba.com\/wp-content\/uploads\/2013\/03\/Serendipia-P\u00f3ster-Defintivo-731x1024.jpg 731w, https:\/\/www.tarumba.com\/wp-content\/uploads\/2013\/03\/Serendipia-P\u00f3ster-Defintivo.jpg 1134w\" sizes=\"auto, (max-width: 214px) 100vw, 214px\" \/><\/a><\/p>\n<p style=\"text-align: center;\"><strong><a href=\"http:\/\/www.tarumba.com\/wp-content\/uploads\/2024\/01\/FUENTES-E-INSPIRACIO\u0301N-DE-SERENDIPIA.pdf\">INFORMACI\u00d3N SOBRE EL ESPECT\u00c1CULO<\/a><\/strong><\/p>\n<p style=\"text-align: center;\"><a href=\"http:\/\/www.tarumba.com\/wp-content\/uploads\/2024\/01\/CRI\u0301TICAS-Y-CURRI\u0301CULUM-DE-SERENDIPIA.pdf\"><strong>CURR\u00cdCULUM DE LA OBRA Y CR\u00cdTICAS<\/strong><\/a><\/p>\n\n\n<ul class=\"wp-block-gallery columns-3 is-cropped wp-block-gallery-1 is-layout-flex wp-block-gallery-is-layout-flex\"><li class=\"blocks-gallery-item\"><figure><a href=\"http:\/\/www.tarumba.com\/wp-content\/uploads\/2024\/01\/SERENDIPIA-FOTO-1.jpeg\"><img loading=\"lazy\" decoding=\"async\" width=\"826\" height=\"610\" src=\"http:\/\/www.tarumba.com\/wp-content\/uploads\/2024\/01\/SERENDIPIA-FOTO-1.jpeg\" alt=\"\" data-id=\"730\" data-link=\"http:\/\/www.tarumba.com\/?attachment_id=730#main\" class=\"wp-image-730\" srcset=\"https:\/\/www.tarumba.com\/wp-content\/uploads\/2024\/01\/SERENDIPIA-FOTO-1.jpeg 826w, https:\/\/www.tarumba.com\/wp-content\/uploads\/2024\/01\/SERENDIPIA-FOTO-1-300x222.jpeg 300w, https:\/\/www.tarumba.com\/wp-content\/uploads\/2024\/01\/SERENDIPIA-FOTO-1-768x567.jpeg 768w\" sizes=\"auto, (max-width: 826px) 100vw, 826px\" \/><\/a><\/figure><\/li><li class=\"blocks-gallery-item\"><figure><a href=\"http:\/\/www.tarumba.com\/wp-content\/uploads\/2024\/01\/SERENDIPIA-FOTO-4-607x800.jpeg\"><img loading=\"lazy\" decoding=\"async\" width=\"607\" height=\"800\" src=\"http:\/\/www.tarumba.com\/wp-content\/uploads\/2024\/01\/SERENDIPIA-FOTO-4-607x800.jpeg\" alt=\"\" data-id=\"731\" data-link=\"http:\/\/www.tarumba.com\/?attachment_id=731#main\" class=\"wp-image-731\" srcset=\"https:\/\/www.tarumba.com\/wp-content\/uploads\/2024\/01\/SERENDIPIA-FOTO-4-607x800.jpeg 607w, https:\/\/www.tarumba.com\/wp-content\/uploads\/2024\/01\/SERENDIPIA-FOTO-4-607x800-228x300.jpeg 228w\" sizes=\"auto, (max-width: 607px) 100vw, 607px\" \/><\/a><\/figure><\/li><li class=\"blocks-gallery-item\"><figure><a href=\"http:\/\/www.tarumba.com\/wp-content\/uploads\/2024\/01\/SERENDIPIA-FOTO-9-1-1024x681.jpg\"><img loading=\"lazy\" decoding=\"async\" width=\"1024\" height=\"681\" src=\"http:\/\/www.tarumba.com\/wp-content\/uploads\/2024\/01\/SERENDIPIA-FOTO-9-1-1024x681.jpg\" alt=\"\" data-id=\"732\" data-link=\"http:\/\/www.tarumba.com\/?attachment_id=732#main\" class=\"wp-image-732\" srcset=\"https:\/\/www.tarumba.com\/wp-content\/uploads\/2024\/01\/SERENDIPIA-FOTO-9-1.jpg 1024w, https:\/\/www.tarumba.com\/wp-content\/uploads\/2024\/01\/SERENDIPIA-FOTO-9-1-300x200.jpg 300w, https:\/\/www.tarumba.com\/wp-content\/uploads\/2024\/01\/SERENDIPIA-FOTO-9-1-768x511.jpg 768w, https:\/\/www.tarumba.com\/wp-content\/uploads\/2024\/01\/SERENDIPIA-FOTO-9-1-400x267.jpg 400w\" sizes=\"auto, (max-width: 1024px) 100vw, 1024px\" \/><\/a><\/figure><\/li><li class=\"blocks-gallery-item\"><figure><a href=\"http:\/\/www.tarumba.com\/wp-content\/uploads\/2013\/03\/128948869_3878242488873030_4987658313940038627_o-1024x768.jpg\"><img loading=\"lazy\" decoding=\"async\" width=\"1024\" height=\"768\" src=\"http:\/\/www.tarumba.com\/wp-content\/uploads\/2013\/03\/128948869_3878242488873030_4987658313940038627_o-1024x768.jpg\" alt=\"\" data-id=\"519\" data-link=\"http:\/\/www.tarumba.com\/?attachment_id=519#main\" class=\"wp-image-519\" srcset=\"https:\/\/www.tarumba.com\/wp-content\/uploads\/2013\/03\/128948869_3878242488873030_4987658313940038627_o.jpg 1024w, https:\/\/www.tarumba.com\/wp-content\/uploads\/2013\/03\/128948869_3878242488873030_4987658313940038627_o-300x225.jpg 300w, https:\/\/www.tarumba.com\/wp-content\/uploads\/2013\/03\/128948869_3878242488873030_4987658313940038627_o-400x300.jpg 400w\" sizes=\"auto, (max-width: 1024px) 100vw, 1024px\" \/><\/a><\/figure><\/li><li class=\"blocks-gallery-item\"><figure><a href=\"http:\/\/www.tarumba.com\/wp-content\/uploads\/2020\/12\/121975203_5138778436147503_924529154482318242_n-1.jpg\"><img loading=\"lazy\" decoding=\"async\" width=\"960\" height=\"720\" src=\"http:\/\/www.tarumba.com\/wp-content\/uploads\/2020\/12\/121975203_5138778436147503_924529154482318242_n-1.jpg\" alt=\"\" data-id=\"521\" data-link=\"http:\/\/www.tarumba.com\/?attachment_id=521\" class=\"wp-image-521\" srcset=\"https:\/\/www.tarumba.com\/wp-content\/uploads\/2020\/12\/121975203_5138778436147503_924529154482318242_n-1.jpg 960w, https:\/\/www.tarumba.com\/wp-content\/uploads\/2020\/12\/121975203_5138778436147503_924529154482318242_n-1-300x225.jpg 300w, https:\/\/www.tarumba.com\/wp-content\/uploads\/2020\/12\/121975203_5138778436147503_924529154482318242_n-1-400x300.jpg 400w\" sizes=\"auto, (max-width: 960px) 100vw, 960px\" \/><\/a><\/figure><\/li><li class=\"blocks-gallery-item\"><figure><a href=\"http:\/\/www.tarumba.com\/wp-content\/uploads\/2020\/12\/55692868_3087329521292415_6280716696269357056_n.jpg\"><img loading=\"lazy\" decoding=\"async\" width=\"960\" height=\"720\" src=\"http:\/\/www.tarumba.com\/wp-content\/uploads\/2020\/12\/55692868_3087329521292415_6280716696269357056_n.jpg\" alt=\"\" data-id=\"525\" data-link=\"http:\/\/www.tarumba.com\/?attachment_id=525\" class=\"wp-image-525\" srcset=\"https:\/\/www.tarumba.com\/wp-content\/uploads\/2020\/12\/55692868_3087329521292415_6280716696269357056_n.jpg 960w, https:\/\/www.tarumba.com\/wp-content\/uploads\/2020\/12\/55692868_3087329521292415_6280716696269357056_n-300x225.jpg 300w, https:\/\/www.tarumba.com\/wp-content\/uploads\/2020\/12\/55692868_3087329521292415_6280716696269357056_n-400x300.jpg 400w\" sizes=\"auto, (max-width: 960px) 100vw, 960px\" \/><\/a><\/figure><\/li><\/ul>\n","protected":false},"excerpt":{"rendered":"<p>INFORMACI\u00d3N SOBRE EL ESPECT\u00c1CULO CURR\u00cdCULUM DE LA OBRA Y CR\u00cdTICAS<\/p>\n","protected":false},"author":4,"featured_media":0,"parent":0,"menu_order":0,"comment_status":"closed","ping_status":"open","template":"","meta":{"footnotes":""},"class_list":["post-728","page","type-page","status-publish","hentry"],"_links":{"self":[{"href":"https:\/\/www.tarumba.com\/index.php?rest_route=\/wp\/v2\/pages\/728","targetHints":{"allow":["GET"]}}],"collection":[{"href":"https:\/\/www.tarumba.com\/index.php?rest_route=\/wp\/v2\/pages"}],"about":[{"href":"https:\/\/www.tarumba.com\/index.php?rest_route=\/wp\/v2\/types\/page"}],"author":[{"embeddable":true,"href":"https:\/\/www.tarumba.com\/index.php?rest_route=\/wp\/v2\/users\/4"}],"replies":[{"embeddable":true,"href":"https:\/\/www.tarumba.com\/index.php?rest_route=%2Fwp%2Fv2%2Fcomments&post=728"}],"version-history":[{"count":3,"href":"https:\/\/www.tarumba.com\/index.php?rest_route=\/wp\/v2\/pages\/728\/revisions"}],"predecessor-version":[{"id":842,"href":"https:\/\/www.tarumba.com\/index.php?rest_route=\/wp\/v2\/pages\/728\/revisions\/842"}],"wp:attachment":[{"href":"https:\/\/www.tarumba.com\/index.php?rest_route=%2Fwp%2Fv2%2Fmedia&parent=728"}],"curies":[{"name":"wp","href":"https:\/\/api.w.org\/{rel}","templated":true}]}}