{"id":548,"date":"2022-11-10T10:30:21","date_gmt":"2022-11-10T10:30:21","guid":{"rendered":"http:\/\/www.tarumba.com\/?page_id=548"},"modified":"2024-01-19T11:34:10","modified_gmt":"2024-01-19T11:34:10","slug":"hamlet","status":"publish","type":"page","link":"https:\/\/www.tarumba.com\/?page_id=548","title":{"rendered":"HAMLET"},"content":{"rendered":"<p><a href=\"http:\/\/www.tarumba.com\/wp-content\/uploads\/2022\/11\/hAMLET-WEB.jpg\"><img loading=\"lazy\" decoding=\"async\" class=\"size-medium wp-image-554 aligncenter\" src=\"http:\/\/www.tarumba.com\/wp-content\/uploads\/2022\/11\/hAMLET-WEB-212x300.jpg\" alt=\"\" width=\"212\" height=\"300\" srcset=\"https:\/\/www.tarumba.com\/wp-content\/uploads\/2022\/11\/hAMLET-WEB-212x300.jpg 212w, https:\/\/www.tarumba.com\/wp-content\/uploads\/2022\/11\/hAMLET-WEB-724x1024.jpg 724w, https:\/\/www.tarumba.com\/wp-content\/uploads\/2022\/11\/hAMLET-WEB.jpg 842w\" sizes=\"auto, (max-width: 212px) 100vw, 212px\" \/><\/a><\/p>\n<p style=\"text-align: center;\"><strong><a href=\"http:\/\/www.tarumba.com\/wp-content\/uploads\/2022\/11\/HAMLET.pdf\">INFORMACI\u00d3N SOBRE EL ESPECT\u00c1CULO<\/a><\/strong><\/p>\n<p style=\"text-align: center;\"><strong><a href=\"http:\/\/www.tarumba.com\/wp-content\/uploads\/2022\/11\/HAMLET-8.pdf\">FICHA ART\u00cdSTICA<\/a><\/strong><\/p>\n<p style=\"text-align: center;\"><a href=\"http:\/\/www.tarumba.com\/wp-content\/uploads\/2024\/01\/CURRI\u0301CULUM-de-HAMLET.pdf\"><strong>CURR\u00cdCULUM DE LA OBRA<\/strong><\/a><\/p>\n<p style=\"text-align: center;\"><a href=\"http:\/\/www.tarumba.com\/wp-content\/uploads\/2024\/01\/PRENSA-Y-CRI\u0301TICAS-HAMLET.pdf\"><strong>PRENSA Y CR\u00cdTICAS<\/strong><\/a><\/p>\n\n\n<ul class=\"wp-block-gallery columns-2 is-cropped wp-block-gallery-1 is-layout-flex wp-block-gallery-is-layout-flex\"><li class=\"blocks-gallery-item\"><figure><a href=\"http:\/\/www.tarumba.com\/wp-content\/uploads\/2024\/01\/1Hamlet-1024x683.jpg\"><img loading=\"lazy\" decoding=\"async\" width=\"1024\" height=\"683\" src=\"http:\/\/www.tarumba.com\/wp-content\/uploads\/2024\/01\/1Hamlet-1024x683.jpg\" alt=\"\" data-id=\"706\" data-link=\"http:\/\/www.tarumba.com\/?attachment_id=706#main\" class=\"wp-image-706\" srcset=\"https:\/\/www.tarumba.com\/wp-content\/uploads\/2024\/01\/1Hamlet.jpg 1024w, https:\/\/www.tarumba.com\/wp-content\/uploads\/2024\/01\/1Hamlet-300x200.jpg 300w, https:\/\/www.tarumba.com\/wp-content\/uploads\/2024\/01\/1Hamlet-768x512.jpg 768w, https:\/\/www.tarumba.com\/wp-content\/uploads\/2024\/01\/1Hamlet-400x267.jpg 400w\" sizes=\"auto, (max-width: 1024px) 100vw, 1024px\" \/><\/a><\/figure><\/li><li class=\"blocks-gallery-item\"><figure><a href=\"http:\/\/www.tarumba.com\/wp-content\/uploads\/2024\/01\/5Hamlet.jpg\"><img loading=\"lazy\" decoding=\"async\" width=\"1022\" height=\"768\" src=\"http:\/\/www.tarumba.com\/wp-content\/uploads\/2024\/01\/5Hamlet.jpg\" alt=\"\" data-id=\"707\" data-link=\"http:\/\/www.tarumba.com\/?attachment_id=707#main\" class=\"wp-image-707\" srcset=\"https:\/\/www.tarumba.com\/wp-content\/uploads\/2024\/01\/5Hamlet.jpg 1022w, https:\/\/www.tarumba.com\/wp-content\/uploads\/2024\/01\/5Hamlet-300x225.jpg 300w, https:\/\/www.tarumba.com\/wp-content\/uploads\/2024\/01\/5Hamlet-768x577.jpg 768w\" sizes=\"auto, (max-width: 1022px) 100vw, 1022px\" \/><\/a><\/figure><\/li><li class=\"blocks-gallery-item\"><figure><a href=\"http:\/\/www.tarumba.com\/wp-content\/uploads\/2024\/01\/7Hamlet.jpg\"><img loading=\"lazy\" decoding=\"async\" width=\"981\" height=\"768\" src=\"http:\/\/www.tarumba.com\/wp-content\/uploads\/2024\/01\/7Hamlet.jpg\" alt=\"\" data-id=\"708\" data-link=\"http:\/\/www.tarumba.com\/?attachment_id=708#main\" class=\"wp-image-708\" srcset=\"https:\/\/www.tarumba.com\/wp-content\/uploads\/2024\/01\/7Hamlet.jpg 981w, https:\/\/www.tarumba.com\/wp-content\/uploads\/2024\/01\/7Hamlet-300x235.jpg 300w, https:\/\/www.tarumba.com\/wp-content\/uploads\/2024\/01\/7Hamlet-768x601.jpg 768w\" sizes=\"auto, (max-width: 981px) 100vw, 981px\" \/><\/a><\/figure><\/li><li class=\"blocks-gallery-item\"><figure><a href=\"http:\/\/www.tarumba.com\/wp-content\/uploads\/2024\/01\/28Hamlet-1024x683.jpg\"><img loading=\"lazy\" decoding=\"async\" width=\"1024\" height=\"683\" src=\"http:\/\/www.tarumba.com\/wp-content\/uploads\/2024\/01\/28Hamlet-1024x683.jpg\" alt=\"\" data-id=\"709\" data-link=\"http:\/\/www.tarumba.com\/?attachment_id=709#main\" class=\"wp-image-709\" srcset=\"https:\/\/www.tarumba.com\/wp-content\/uploads\/2024\/01\/28Hamlet.jpg 1024w, https:\/\/www.tarumba.com\/wp-content\/uploads\/2024\/01\/28Hamlet-300x200.jpg 300w, https:\/\/www.tarumba.com\/wp-content\/uploads\/2024\/01\/28Hamlet-768x512.jpg 768w, https:\/\/www.tarumba.com\/wp-content\/uploads\/2024\/01\/28Hamlet-400x267.jpg 400w\" sizes=\"auto, (max-width: 1024px) 100vw, 1024px\" \/><\/a><\/figure><\/li><li class=\"blocks-gallery-item\"><figure><a href=\"http:\/\/www.tarumba.com\/wp-content\/uploads\/2024\/01\/41Hamlet-1024x683.jpg\"><img loading=\"lazy\" decoding=\"async\" width=\"1024\" height=\"683\" src=\"http:\/\/www.tarumba.com\/wp-content\/uploads\/2024\/01\/41Hamlet-1024x683.jpg\" alt=\"\" data-id=\"710\" data-link=\"http:\/\/www.tarumba.com\/?attachment_id=710#main\" class=\"wp-image-710\" srcset=\"https:\/\/www.tarumba.com\/wp-content\/uploads\/2024\/01\/41Hamlet.jpg 1024w, https:\/\/www.tarumba.com\/wp-content\/uploads\/2024\/01\/41Hamlet-300x200.jpg 300w, https:\/\/www.tarumba.com\/wp-content\/uploads\/2024\/01\/41Hamlet-768x512.jpg 768w, https:\/\/www.tarumba.com\/wp-content\/uploads\/2024\/01\/41Hamlet-400x267.jpg 400w\" sizes=\"auto, (max-width: 1024px) 100vw, 1024px\" \/><\/a><\/figure><\/li><li class=\"blocks-gallery-item\"><figure><a href=\"http:\/\/www.tarumba.com\/wp-content\/uploads\/2024\/01\/42Hamlet.jpg\"><img loading=\"lazy\" decoding=\"async\" width=\"885\" height=\"768\" src=\"http:\/\/www.tarumba.com\/wp-content\/uploads\/2024\/01\/42Hamlet.jpg\" alt=\"\" data-id=\"711\" data-link=\"http:\/\/www.tarumba.com\/?attachment_id=711#main\" class=\"wp-image-711\" srcset=\"https:\/\/www.tarumba.com\/wp-content\/uploads\/2024\/01\/42Hamlet.jpg 885w, https:\/\/www.tarumba.com\/wp-content\/uploads\/2024\/01\/42Hamlet-300x260.jpg 300w, https:\/\/www.tarumba.com\/wp-content\/uploads\/2024\/01\/42Hamlet-768x666.jpg 768w\" sizes=\"auto, (max-width: 885px) 100vw, 885px\" \/><\/a><\/figure><\/li><li class=\"blocks-gallery-item\"><figure><a href=\"http:\/\/www.tarumba.com\/wp-content\/uploads\/2024\/01\/43Hamlet-1024x683.jpg\"><img loading=\"lazy\" decoding=\"async\" width=\"1024\" height=\"683\" src=\"http:\/\/www.tarumba.com\/wp-content\/uploads\/2024\/01\/43Hamlet-1024x683.jpg\" alt=\"\" data-id=\"712\" data-link=\"http:\/\/www.tarumba.com\/?attachment_id=712#main\" class=\"wp-image-712\" srcset=\"https:\/\/www.tarumba.com\/wp-content\/uploads\/2024\/01\/43Hamlet.jpg 1024w, https:\/\/www.tarumba.com\/wp-content\/uploads\/2024\/01\/43Hamlet-300x200.jpg 300w, https:\/\/www.tarumba.com\/wp-content\/uploads\/2024\/01\/43Hamlet-768x512.jpg 768w, https:\/\/www.tarumba.com\/wp-content\/uploads\/2024\/01\/43Hamlet-400x267.jpg 400w\" sizes=\"auto, (max-width: 1024px) 100vw, 1024px\" \/><\/a><\/figure><\/li><li class=\"blocks-gallery-item\"><figure><a href=\"http:\/\/www.tarumba.com\/wp-content\/uploads\/2024\/01\/47Hamlet-1024x683.jpg\"><img loading=\"lazy\" decoding=\"async\" width=\"1024\" height=\"683\" src=\"http:\/\/www.tarumba.com\/wp-content\/uploads\/2024\/01\/47Hamlet-1024x683.jpg\" alt=\"\" data-id=\"713\" data-link=\"http:\/\/www.tarumba.com\/?attachment_id=713#main\" class=\"wp-image-713\" srcset=\"https:\/\/www.tarumba.com\/wp-content\/uploads\/2024\/01\/47Hamlet.jpg 1024w, https:\/\/www.tarumba.com\/wp-content\/uploads\/2024\/01\/47Hamlet-300x200.jpg 300w, https:\/\/www.tarumba.com\/wp-content\/uploads\/2024\/01\/47Hamlet-768x512.jpg 768w, https:\/\/www.tarumba.com\/wp-content\/uploads\/2024\/01\/47Hamlet-400x267.jpg 400w\" sizes=\"auto, (max-width: 1024px) 100vw, 1024px\" \/><\/a><\/figure><\/li><li class=\"blocks-gallery-item\"><figure><a href=\"http:\/\/www.tarumba.com\/wp-content\/uploads\/2024\/01\/49Hamlet-614x800.jpg\"><img loading=\"lazy\" decoding=\"async\" width=\"614\" height=\"800\" src=\"http:\/\/www.tarumba.com\/wp-content\/uploads\/2024\/01\/49Hamlet-614x800.jpg\" alt=\"\" data-id=\"714\" data-link=\"http:\/\/www.tarumba.com\/?attachment_id=714#main\" class=\"wp-image-714\" srcset=\"https:\/\/www.tarumba.com\/wp-content\/uploads\/2024\/01\/49Hamlet-614x800.jpg 614w, https:\/\/www.tarumba.com\/wp-content\/uploads\/2024\/01\/49Hamlet-614x800-230x300.jpg 230w\" sizes=\"auto, (max-width: 614px) 100vw, 614px\" \/><\/a><\/figure><\/li><li class=\"blocks-gallery-item\"><figure><a href=\"http:\/\/www.tarumba.com\/wp-content\/uploads\/2024\/01\/50Hamlet.jpg\"><img loading=\"lazy\" decoding=\"async\" width=\"768\" height=\"789\" src=\"http:\/\/www.tarumba.com\/wp-content\/uploads\/2024\/01\/50Hamlet.jpg\" alt=\"\" data-id=\"715\" data-link=\"http:\/\/www.tarumba.com\/?attachment_id=715#main\" class=\"wp-image-715\" srcset=\"https:\/\/www.tarumba.com\/wp-content\/uploads\/2024\/01\/50Hamlet.jpg 768w, https:\/\/www.tarumba.com\/wp-content\/uploads\/2024\/01\/50Hamlet-292x300.jpg 292w\" sizes=\"auto, (max-width: 768px) 100vw, 768px\" \/><\/a><\/figure><\/li><li class=\"blocks-gallery-item\"><figure><a href=\"http:\/\/www.tarumba.com\/wp-content\/uploads\/2024\/01\/SUC-DE-TEATRE-1-1-1024x683.jpg\"><img loading=\"lazy\" decoding=\"async\" width=\"1024\" height=\"683\" src=\"http:\/\/www.tarumba.com\/wp-content\/uploads\/2024\/01\/SUC-DE-TEATRE-1-1-1024x683.jpg\" alt=\"\" data-id=\"716\" data-link=\"http:\/\/www.tarumba.com\/?attachment_id=716#main\" class=\"wp-image-716\" srcset=\"https:\/\/www.tarumba.com\/wp-content\/uploads\/2024\/01\/SUC-DE-TEATRE-1-1.jpg 1024w, https:\/\/www.tarumba.com\/wp-content\/uploads\/2024\/01\/SUC-DE-TEATRE-1-1-300x200.jpg 300w, https:\/\/www.tarumba.com\/wp-content\/uploads\/2024\/01\/SUC-DE-TEATRE-1-1-768x512.jpg 768w, https:\/\/www.tarumba.com\/wp-content\/uploads\/2024\/01\/SUC-DE-TEATRE-1-1-400x267.jpg 400w\" sizes=\"auto, (max-width: 1024px) 100vw, 1024px\" \/><\/a><\/figure><\/li><\/ul>\n","protected":false},"excerpt":{"rendered":"<p>INFORMACI\u00d3N SOBRE EL ESPECT\u00c1CULO FICHA ART\u00cdSTICA CURR\u00cdCULUM DE LA OBRA PRENSA Y CR\u00cdTICAS<\/p>\n","protected":false},"author":4,"featured_media":0,"parent":0,"menu_order":0,"comment_status":"closed","ping_status":"open","template":"","meta":{"footnotes":""},"class_list":["post-548","page","type-page","status-publish","hentry"],"_links":{"self":[{"href":"https:\/\/www.tarumba.com\/index.php?rest_route=\/wp\/v2\/pages\/548","targetHints":{"allow":["GET"]}}],"collection":[{"href":"https:\/\/www.tarumba.com\/index.php?rest_route=\/wp\/v2\/pages"}],"about":[{"href":"https:\/\/www.tarumba.com\/index.php?rest_route=\/wp\/v2\/types\/page"}],"author":[{"embeddable":true,"href":"https:\/\/www.tarumba.com\/index.php?rest_route=\/wp\/v2\/users\/4"}],"replies":[{"embeddable":true,"href":"https:\/\/www.tarumba.com\/index.php?rest_route=%2Fwp%2Fv2%2Fcomments&post=548"}],"version-history":[{"count":20,"href":"https:\/\/www.tarumba.com\/index.php?rest_route=\/wp\/v2\/pages\/548\/revisions"}],"predecessor-version":[{"id":727,"href":"https:\/\/www.tarumba.com\/index.php?rest_route=\/wp\/v2\/pages\/548\/revisions\/727"}],"wp:attachment":[{"href":"https:\/\/www.tarumba.com\/index.php?rest_route=%2Fwp%2Fv2%2Fmedia&parent=548"}],"curies":[{"name":"wp","href":"https:\/\/api.w.org\/{rel}","templated":true}]}}